{"id":240,"date":"2019-01-07T11:10:53","date_gmt":"2019-01-07T11:10:53","guid":{"rendered":"http:\/\/icom-andorra.icom.cust.oxymium.net\/esdeveniments\/andorra-en-temps-de-conflictes-36-45\/cinema-entre-el-torb-i-la-gestapo\/"},"modified":"2019-01-07T11:11:20","modified_gmt":"2019-01-07T11:11:20","slug":"cinema-entre-el-torb-i-la-gestapo","status":"publish","type":"page","link":"https:\/\/icom-andorra.mini.icom.museum\/es\/eventos\/andorra-en-temps-de-conflictes-36-45\/cinema-entre-el-torb-i-la-gestapo\/","title":{"rendered":"Cinema: Entre el torb i la gestapo"},"content":{"rendered":"<div id=\"RTE_CONTENT\"> <!--TYPO3SEARCH_begin--> \t<!--  CONTENT ELEMENT, uid:20117\/textpic [begin] --> \t\t<\/p>\n<div id=\"c20117\"> \t\t<!--  Header: [begin] --> \t\t\t<\/p>\n<h2>Sinopsi &#8220;Entre el torb i la Gestapo&#8221;<\/h2>\n<p> \t\t<!--  Header: [end] --> \t\t\t \t\t<!--  Image block: [begin] --> \t\t\t<\/p>\n<div> \t\t<!--  Text: [begin] --> \t\t\t<\/p>\n<div>\n<p>CINEMA<\/p>\n<\/div>\n<div>\n<p>Dv. 13 d\u2019octubre de les 20h a les 24h<span>\t\t<\/span><\/p>\n<\/div>\n<p>Centre Cultural LA LLACUNA <\/p>\n<p>\u00abEntre el torb i la Gestapo\u00bb <\/p>\n<p><img decoding=\"async\" src=\"http:\/\/icom-andorra.mini.icom.museum\/wp-content\/uploads\/sites\/26\/2019\/01\/RTEmagicC_Capture_d_ecran_2017-10-09_a_00.08.02_txdam20637_3edba0.png.png\" alt=\"\"><\/p>\n<div>\n<p>La hist\u00f2ria comen\u00e7a el 1952, en una comissaria de la Seu d&#8217;Urgell, on Francesc Viel explica els fets davant el comissari franquista que l&#8217;interroga. <\/p>\n<p>\u00a0<\/p>\n<p>El 1939, despr\u00e9s de la vict\u00f2ria de les tropes franquistes a la Guerra Civil espanyola, el catal\u00e0 Francesc Viel, diputat per Esquerra Republicana, es veu obligat a abandonar la fam\u00edlia i el seu pa\u00eds. Creua la frontera francesa i s&#8217;instal\u00b7la a Montpeller. <\/p>\n<p>\u00a0<\/p>\n<p>Les partides de bridge en un caf\u00e8 de la ciutat francesa, constantment observades per un cavaller brit\u00e0nic d&#8217;aspecte misteri\u00f3s anomenat Mr. Miller, es converteixen en un h\u00e0bit per al grup de catalans exiliats. <\/p>\n<p>\u00a0<\/p>\n<p>A mesura que la guerra mundial avan\u00e7a i els alemanys guanyen terreny, la situaci\u00f3 a Fran\u00e7a, tant per a Viel com per a la resta de refugiats, ser\u00e0 cada cop m\u00e9s dif\u00edcil. La constant pres\u00e8ncia i la intervenci\u00f3 de Mr. Miller, que resulta ser membre destacat del servei secret d&#8217;espionatge brit\u00e0nic, fa que Viel canvi\u00ef d&#8217;opini\u00f3 i, en lloc de marxar cap de M\u00e8xic, decideixi passar a l&#8217;acci\u00f3 resistent. <\/p>\n<p>\u00a0<\/p>\n<p>A la mateixa velocitat que l&#8217;ex\u00e8rcit alemany penetra a Fran\u00e7a, Viel, a trav\u00e9s d&#8217;Eloise, una jove belga, membre de la resist\u00e8ncia de la qual s&#8217;enamorar\u00e0 en silenci, va aprenent a moure&#8217;s en la nova situaci\u00f3. Ell es convertir\u00e0 en una clara refer\u00e8ncia per a la causa aliada a Montpeller.\u00a0 <\/p>\n<p>Les intencions de Mr. Miller van m\u00e9s enll\u00e0; el seu objectiu final \u00e9s que Viel es traslladi a Andorra per convertir aquest pa\u00eds en centre d&#8217;una xarxa de pas per als aviadors aliats caiguts en territori franc\u00e8s controlat pels alemanys i aconseguir aix\u00ed reciclar-los i tornar-los al camp de batalla.\u00a0<\/p>\n<\/p><\/div>\n<p> \t\t<!--  Text: [end] --> \t\t\t<\/div>\n<p> \t\t<!--  Image block: [end] --> \t\t\t   \t<!--  \t\tBEGIN: Content of extension \"hpo_relatedlink\", plugin \"tx_hporelatedlink_pi1\"  \t--> \t<\/p>\n<div> \t\t \t<\/div>\n<p> \t \t<!-- END: Content of extension \"hpo_relatedlink\", plugin \"tx_hporelatedlink_pi1\" -->  \t<\/div>\n<p> \t<!--  CONTENT ELEMENT, uid:20117\/textpic [end] --> \t\t<!--TYPO3SEARCH_end--> <\/div>\n","protected":false},"excerpt":{"rendered":"<p>Sinopsi &#8220;Entre el torb i la Gestapo&#8221; CINEMA Dv. 13 d\u2019octubre de les 20h a les 24h Centre Cultural LA LLACUNA \u00abEntre el torb i la Gestapo\u00bb La hist\u00f2ria comen\u00e7a el 1952, en una comissaria de la Seu d&#8217;Urgell, on Francesc Viel explica els fets davant el comissari franquista que l&#8217;interroga. \u00a0 El 1939, despr\u00e9s [&hellip;]<\/p>\n","protected":false},"author":1,"featured_media":0,"parent":180,"menu_order":0,"comment_status":"closed","ping_status":"closed","template":"","meta":{"footnotes":""},"yst_prominent_words":[],"acf":[],"_links":{"self":[{"href":"https:\/\/icom-andorra.mini.icom.museum\/es\/wp-json\/wp\/v2\/pages\/240"}],"collection":[{"href":"https:\/\/icom-andorra.mini.icom.museum\/es\/wp-json\/wp\/v2\/pages"}],"about":[{"href":"https:\/\/icom-andorra.mini.icom.museum\/es\/wp-json\/wp\/v2\/types\/page"}],"author":[{"embeddable":true,"href":"https:\/\/icom-andorra.mini.icom.museum\/es\/wp-json\/wp\/v2\/users\/1"}],"replies":[{"embeddable":true,"href":"https:\/\/icom-andorra.mini.icom.museum\/es\/wp-json\/wp\/v2\/comments?post=240"}],"version-history":[{"count":1,"href":"https:\/\/icom-andorra.mini.icom.museum\/es\/wp-json\/wp\/v2\/pages\/240\/revisions"}],"predecessor-version":[{"id":374,"href":"https:\/\/icom-andorra.mini.icom.museum\/es\/wp-json\/wp\/v2\/pages\/240\/revisions\/374"}],"up":[{"embeddable":true,"href":"https:\/\/icom-andorra.mini.icom.museum\/es\/wp-json\/wp\/v2\/pages\/180"}],"wp:attachment":[{"href":"https:\/\/icom-andorra.mini.icom.museum\/es\/wp-json\/wp\/v2\/media?parent=240"}],"wp:term":[{"taxonomy":"yst_prominent_words","embeddable":true,"href":"https:\/\/icom-andorra.mini.icom.museum\/es\/wp-json\/wp\/v2\/yst_prominent_words?post=240"}],"curies":[{"name":"wp","href":"https:\/\/api.w.org\/{rel}","templated":true}]}}