{"id":182,"date":"2019-01-07T11:09:59","date_gmt":"2019-01-07T11:09:59","guid":{"rendered":"http:\/\/icom-andorra.icom.cust.oxymium.net\/esdeveniments\/dim-2017\/"},"modified":"2019-01-07T11:11:16","modified_gmt":"2019-01-07T11:11:16","slug":"dim-2017","status":"publish","type":"page","link":"https:\/\/icom-andorra.mini.icom.museum\/fr\/evenements\/dim-2017\/","title":{"rendered":"DIM 2017"},"content":{"rendered":"<div id=\"RTE_CONTENT\"> <!--TYPO3SEARCH_begin--> \t<!--  CONTENT ELEMENT, uid:19107\/textpic [begin] --> \t\t<\/p>\n<div id=\"c19107\"> \t\t<!--  Header: [begin] --> \t\t\t<\/p>\n<h2>DIM 2017<\/h2>\n<p> \t\t<!--  Header: [end] --> \t\t\t \t\t<!--  Image block: [begin] --> \t\t\t<\/p>\n<div> \t\t<!--  Text: [begin] --> \t\t\t<\/p>\n<p><b>DIM 2017<\/b><\/p>\n<p><b>Museus i hist\u00f2ries doloroses\u00a0: dir l\u2019indicible en els museus<\/b><\/p>\n<p>L\u2019edici\u00f3 2017 reunir\u00e0 els museus participants al voltat del tema\u00a0: \u00ab\u00a0Museus i hist\u00f2ries doloroses\u00a0: dir l\u2019indicible en els museus\u00a0\u00bb.<\/p>\n<p>Aquest tema posa en relleu el rol dels museus que, posant-se al servei de la societat, poden esdevenir centres de pacificaci\u00f3 de les relacions entre els pobles. Tanmateix, posa en evid\u00e8ncia com l\u2019acceptaci\u00f3 d\u2019un passat dolor\u00f3s constitueix un primer pas per plantejar-se un futur com\u00fa sota el signe de la reconciliaci\u00f3.<\/p>\n<p>Qmb la tria del tema de l\u2019indicible en els museus, el tema del DIM 2017 permet apropar-se a l\u2019incomprehensible de passats doloros inherents a la humanitat. Aquesta tem\u00e0tica incita el museu a inscriure\u2019s com actor calmant de les ahist\u00f2ries traum\u00e0tiques del passat gr\u00e0cies a la mediaci\u00f3 i a la pluralitat dels punts de vista expressats.<\/p>\n<p>\u00a0<\/p>\n<p>De totes les institucions culturals, conviedm als actors del m\u00f3n sencer a sumar-se a questa festa que posar\u00e0 en relleu el llligam que permetr\u00e0 pensar un futur m\u00e9s enll\u00e0 dels tab\u00fas i cap a una millor comprehensi\u00f3 de l\u2019altre, de la seva hist\u00f2ria i de la seva identitat.<\/p>\n<p> \t\t<!--  Text: [end] --> \t\t\t<\/div>\n<p> \t\t<!--  Image block: [end] --> \t\t\t   \t<!--  \t\tBEGIN: Content of extension \"hpo_relatedlink\", plugin \"tx_hporelatedlink_pi1\"  \t--> \t<\/p>\n<div> \t\t \t<\/div>\n<p> \t \t<!-- END: Content of extension \"hpo_relatedlink\", plugin \"tx_hporelatedlink_pi1\" -->  \t<\/div>\n<p> \t<!--  CONTENT ELEMENT, uid:19107\/textpic [end] --> \t\t<!--TYPO3SEARCH_end--> <\/div>\n","protected":false},"excerpt":{"rendered":"<p>DIM 2017 DIM 2017 Museus i hist\u00f2ries doloroses\u00a0: dir l\u2019indicible en els museus L\u2019edici\u00f3 2017 reunir\u00e0 els museus participants al voltat del tema\u00a0: \u00ab\u00a0Museus i hist\u00f2ries doloroses\u00a0: dir l\u2019indicible en els museus\u00a0\u00bb. Aquest tema posa en relleu el rol dels museus que, posant-se al servei de la societat, poden esdevenir centres de pacificaci\u00f3 de les [&hellip;]<\/p>\n","protected":false},"author":1,"featured_media":0,"parent":158,"menu_order":1,"comment_status":"closed","ping_status":"closed","template":"","meta":{"footnotes":""},"yst_prominent_words":[],"acf":[],"_links":{"self":[{"href":"https:\/\/icom-andorra.mini.icom.museum\/fr\/wp-json\/wp\/v2\/pages\/182"}],"collection":[{"href":"https:\/\/icom-andorra.mini.icom.museum\/fr\/wp-json\/wp\/v2\/pages"}],"about":[{"href":"https:\/\/icom-andorra.mini.icom.museum\/fr\/wp-json\/wp\/v2\/types\/page"}],"author":[{"embeddable":true,"href":"https:\/\/icom-andorra.mini.icom.museum\/fr\/wp-json\/wp\/v2\/users\/1"}],"replies":[{"embeddable":true,"href":"https:\/\/icom-andorra.mini.icom.museum\/fr\/wp-json\/wp\/v2\/comments?post=182"}],"version-history":[{"count":1,"href":"https:\/\/icom-andorra.mini.icom.museum\/fr\/wp-json\/wp\/v2\/pages\/182\/revisions"}],"predecessor-version":[{"id":363,"href":"https:\/\/icom-andorra.mini.icom.museum\/fr\/wp-json\/wp\/v2\/pages\/182\/revisions\/363"}],"up":[{"embeddable":true,"href":"https:\/\/icom-andorra.mini.icom.museum\/fr\/wp-json\/wp\/v2\/pages\/158"}],"wp:attachment":[{"href":"https:\/\/icom-andorra.mini.icom.museum\/fr\/wp-json\/wp\/v2\/media?parent=182"}],"wp:term":[{"taxonomy":"yst_prominent_words","embeddable":true,"href":"https:\/\/icom-andorra.mini.icom.museum\/fr\/wp-json\/wp\/v2\/yst_prominent_words?post=182"}],"curies":[{"name":"wp","href":"https:\/\/api.w.org\/{rel}","templated":true}]}}