{"id":185,"date":"2019-01-07T11:10:01","date_gmt":"2019-01-07T11:10:01","guid":{"rendered":"http:\/\/icom-andorra.icom.cust.oxymium.net\/esdeveniments\/dim-2016\/"},"modified":"2019-01-07T11:11:16","modified_gmt":"2019-01-07T11:11:16","slug":"dim-2016","status":"publish","type":"page","link":"https:\/\/icom-andorra.mini.icom.museum\/fr\/evenements\/dim-2016\/","title":{"rendered":"DIM 2016"},"content":{"rendered":"<div id=\"RTE_CONTENT\"> <!--TYPO3SEARCH_begin--> \t<!--  CONTENT ELEMENT, uid:19096\/textpic [begin] --> \t\t<\/p>\n<div id=\"c19096\"> \t\t<!--  Image block: [begin] --> \t\t\t<\/p>\n<div> \t\t<!--  Text: [begin] --> \t\t\t<\/p>\n<p> <b>PROGRAMACI\u00d3 DEL DIA INTERNACIONAL DELS MUSEUS I LA NIT EUROPEA DELS MUSEUS A ANDORRA<\/b><\/p>\n<p> \u00a0<\/p>\n<p> <b>Dimecres 18 de maig<\/b><\/p>\n<ul>\n<li>\n<p> \t19 \th\u00a0\u00a0\u00a0 <b>Xerrada \tLa vall del Madriu-Perafita-Claror:<\/b> \tla configuraci\u00f3 d\u2019un paisatge cultural des de la prehist\u00f2ria \tfins a l\u2019actualitat, a c\u00e0rrec d\u2019Abel Fort\u00f3 Garcia, arque\u00f2leg \tdel Departament de Patrimoni Cultural.<\/p>\n<\/li>\n<\/ul>\n<p> \u00a0<\/p>\n<p> A la Sala \u00c0gora del Com\u00fa d\u2019Andorra la Vella (Prat de la Creu, 68-76). En finalitzar hi haur\u00e0 una copa de cava pels assistents i es podr\u00e0 visitar el Portal de la vall del Madriu-Perafita-Claror, situat al mateix edifici.<\/p>\n<p> La vall del Madriu-Perafita-Claror, un espai que no ha patit el gran impacte urban\u00edstic al qual ha estat sotm\u00e8s la resta del pa\u00eds, \u00e9s un exemple paradigm\u00e0tic de com aquest paisatge s\u2019ha anat transformat al llarg del temps i en funci\u00f3 de les necessitats de les comunitats n\u2019han fet \u00fas. En aquest sentit, cal recordar que la vall va ser inscrita a la llista del patrimoni mundial de la UNESCO l\u2019any 2004, i que est\u00e0 reconeguda com a B\u00e9 d\u2019Inter\u00e8s Cultural per la llei del patrimoni cultural d\u2019Andorra, dins la categoria de paisatge cultural. \u00c9s degut a aquesta singularitat i a aquest reconeixement, que la vall ha estat objecte d\u2019una recerca arqueol\u00f2gica i hist\u00f2rica ingent (fins a tres programes d\u2019intervenci\u00f3 diferents), que ha perm\u00e8s obtenir una cartografia for\u00e7a complerta del patrimoni cultural que amollona la vall.<\/p>\n<p> \u00a0<\/p>\n<p> \u00a0<\/p>\n<ul>\n<li>\n<p> \t\u00b720 \th <b>Ruta \tde descoberta pel poble d&#8217;Engordany<\/b>. \tSortida de l\u2019itinerari des del Pont d\u2019Engordany i arribada a la \tplaceta de Sant Jaume d\u2019Engordany, on s\u2019oferir\u00e0 una copa de \tcava i coca massegada. Activitat per a 25 persones, organitzada pel \tCAEE. <b>Reserves \tal 802255 o a <\/b><a href=\"mailto:centreart@e-e.ad\"><b>centreart@e-e.ad<\/b><\/a><\/p>\n<\/li>\n<\/ul>\n<p> \u00a0<\/p>\n<p> <b>Dissabte 21 de maig<\/b><\/p>\n<ul>\n<li>\n<p> \t11h \ti 12.30 h\u00a0 Actuaci\u00f3 de l\u2019Esbart Laur\u00e8dia al Museu del Tabac \tamb el ball \u201cLes cigarreres\u201d. Reserva pr\u00e8via al 741545<\/p>\n<\/li>\n<\/ul>\n<ul>\n<li>\n<p> \t11 \th i 15 h\u00a0\u00a0 Jornada de portes obertes al Cam\u00ed \tHidroel\u00e8ctric d\u2019Engolasters. Reserves al MW Museu de \tl\u2019Electricitat \u2013 739111<\/p>\n<\/li>\n<\/ul>\n<p> <b>Nit europea dels museus<\/b><\/p>\n<ul>\n<li>\n<p> \t21h \t\u00a0\u00a0\u00a0<b> \tConcert de l\u2019artista andorr\u00e0 Akiba Jonze a Casa Rull.<\/b><\/p>\n<\/li>\n<\/ul>\n<p> Concert en format \u00edntim amb el t\u00edtol <i>Llum<\/i>, on Akiba Jonze interpretar\u00e0 temes del seu darrer treball Akash, un viatge per sonoritats orientals, natura i m\u00fasica d\u2019ambient amb tocs de m\u00fasica pop. Tamb\u00e9 oferir\u00e0 temes dels seus 14 treballs anteriors. <b>Reserv<\/b> <b>a pr\u00e8via obligat\u00f2ria als tels. 839760 i 836908<\/b><\/p>\n<ul>\n<li>\n<p> \tDe \tles 21 a les 24 h<b>\u00a0 \tVisites Nocturnes al MW Museu de l\u2019Electricitat cada 30 min. (copa \tde cava al finalitzar la visita). Reserves al 739111<\/b><\/p>\n<\/li>\n<\/ul>\n<p> \u00a0<\/p>\n<p> <b>Dissabte 28 de maig<\/b><\/p>\n<ul>\n<li>\n<p> \t\u00a09.30 \th<b> \tSortida guiada a la Vall del Madriu-Perafita-Claror<\/b> \ten commemoraci\u00f3 del Dia internacional dels museus i el Dia mundial \tde la Biodiversitat. La sortida anir\u00e0 a c\u00e0rrec de David Mas \t(historiador del departament de Patrimoni Cultural del Govern), \tEduard Bold\u00fa i Toni Feliu (guies del Com\u00fa d\u2019Escaldes-Engordany).<\/p>\n<\/li>\n<\/ul>\n<p> \u00a0<\/p>\n<p> Punt de sortida: Cam\u00ed de la Muntanya, al Pont de la Plana. Durada aproximada: 3 hores. Material: Cal\u00e7at adequat (botes de muntanya o cal\u00e7at esportiu), esmorzar i beguda. Nivell de dificultat: baix, per\u00f2 s\u2019ha de tenir en compte el desnivell. No es aconsellat per a infants menors de 8 anys. Requereix inscripci\u00f3 pr\u00e8via a\u00a0<a href=\"mailto:cenma@iea.ad\">cenma@iea.ad<\/a>\u00a0o b\u00e9 al tel\u00e8fon\u00a0(+376) 742630.<\/p>\n<p> \u00a0<\/p>\n<p> La vall del Madriu-Perafita-Claror \u00e9s un paisatge cultural, \u00e9s a dir una obra conjunta de l\u2019home i la natura, que forma una unitat coherent pels seus valors est\u00e8tics, hist\u00f2rics o culturals. Durant el recorregut pel cam\u00ed de la Muntanya (fins a R\u00e0mio o Entremesaig\u00fces, depenent del ritme del grup), l\u2019Eduard Bold\u00fa i el Toni Feliu explicaran els elements naturals d\u2019inter\u00e8s que ens anirem trobant: fauna, flora, geomorfologia, aigua, etc. En David Mas, per la seva banda, anir\u00e0 donant vida als elements del patrimoni cultural de la Vall: els murs de pedra seca, el cam\u00ed empedrat, les bordes i els cortals&#8230;<\/p>\n<p> La suma ens donar\u00e0 una bona idea de la gran riquesa de la Vall, que li ha valgut el reconeixement universal.<\/p>\n<p> \u00a0<b>El dimecres 18, el dissabte 21 i el diumenge 22 de maig els museus d\u2019Andorra obriran les portes gratu\u00eftament per commemorar el Dia internacional dels museus, en els horaris habituals.<\/b><\/p>\n<p> \u00a0<\/p>\n<p> Museus participants:<\/p>\n<p> Museu de la Moto (853444)<br \/> Museu Nacional de l\u2019Autom\u00f2bil (832266\/ 839760)<br \/> Museu Casa Cristo (833551)<br \/> MW Museu de l\u2019Electricitat (739111)<br \/> Casa d\u2019Areny-Plandolit (836908\/ 839760)<br \/> Museu Postal (836908\/ 839760)<br \/> Centre d\u2019Interpretaci\u00f3 de la Natura (849849)<br \/> Casa Rull (836919\/ 839760)<br \/> Farga Rossell, Centre d\u2019Interpretaci\u00f3 del Ferro (839555\/839760)<br \/> Centre d\u2019Interpretaci\u00f3 Andorra Rom\u00e0nica (839555\/ 839760)<br \/> Museu del C\u00f2mic (838919\/ 736900)<br \/> Casa de la Vall (829129\/ 839760)<br \/> Museu del Tabac (741545)<br \/> Museu del Perfum (892221)<br \/> CAEE (Centre d\u2019Art d\u2019Escaldes-Engordany, 802255)<\/p>\n<p> \u00a0<\/p>\n<\/p>\n<p> \t\t<!--  Text: [end] --> \t\t\t<\/div>\n<p> \t\t<!--  Image block: [end] --> \t\t\t   \t<!--  \t\tBEGIN: Content of extension \"hpo_relatedlink\", plugin \"tx_hporelatedlink_pi1\"  \t--> \t<\/p>\n<div> \t\t \t<\/div>\n<p> \t \t<!-- END: Content of extension \"hpo_relatedlink\", plugin \"tx_hporelatedlink_pi1\" -->  \t<\/div>\n<p> \t<!--  CONTENT ELEMENT, uid:19096\/textpic [end] --> \t\t<!--TYPO3SEARCH_end--> <\/div>\n","protected":false},"excerpt":{"rendered":"<p>PROGRAMACI\u00d3 DEL DIA INTERNACIONAL DELS MUSEUS I LA NIT EUROPEA DELS MUSEUS A ANDORRA \u00a0 Dimecres 18 de maig 19 h\u00a0\u00a0\u00a0 Xerrada La vall del Madriu-Perafita-Claror: la configuraci\u00f3 d\u2019un paisatge cultural des de la prehist\u00f2ria fins a l\u2019actualitat, a c\u00e0rrec d\u2019Abel Fort\u00f3 Garcia, arque\u00f2leg del Departament de Patrimoni Cultural. \u00a0 A la Sala \u00c0gora del [&hellip;]<\/p>\n","protected":false},"author":1,"featured_media":0,"parent":158,"menu_order":2,"comment_status":"closed","ping_status":"closed","template":"","meta":{"footnotes":""},"yst_prominent_words":[],"acf":[],"_links":{"self":[{"href":"https:\/\/icom-andorra.mini.icom.museum\/fr\/wp-json\/wp\/v2\/pages\/185"}],"collection":[{"href":"https:\/\/icom-andorra.mini.icom.museum\/fr\/wp-json\/wp\/v2\/pages"}],"about":[{"href":"https:\/\/icom-andorra.mini.icom.museum\/fr\/wp-json\/wp\/v2\/types\/page"}],"author":[{"embeddable":true,"href":"https:\/\/icom-andorra.mini.icom.museum\/fr\/wp-json\/wp\/v2\/users\/1"}],"replies":[{"embeddable":true,"href":"https:\/\/icom-andorra.mini.icom.museum\/fr\/wp-json\/wp\/v2\/comments?post=185"}],"version-history":[{"count":1,"href":"https:\/\/icom-andorra.mini.icom.museum\/fr\/wp-json\/wp\/v2\/pages\/185\/revisions"}],"predecessor-version":[{"id":362,"href":"https:\/\/icom-andorra.mini.icom.museum\/fr\/wp-json\/wp\/v2\/pages\/185\/revisions\/362"}],"up":[{"embeddable":true,"href":"https:\/\/icom-andorra.mini.icom.museum\/fr\/wp-json\/wp\/v2\/pages\/158"}],"wp:attachment":[{"href":"https:\/\/icom-andorra.mini.icom.museum\/fr\/wp-json\/wp\/v2\/media?parent=185"}],"wp:term":[{"taxonomy":"yst_prominent_words","embeddable":true,"href":"https:\/\/icom-andorra.mini.icom.museum\/fr\/wp-json\/wp\/v2\/yst_prominent_words?post=185"}],"curies":[{"name":"wp","href":"https:\/\/api.w.org\/{rel}","templated":true}]}}