{"id":227,"date":"2019-01-07T11:10:50","date_gmt":"2019-01-07T11:10:50","guid":{"rendered":"http:\/\/icom-andorra.icom.cust.oxymium.net\/espai-de-debat-i-reflexio\/lespai-del-museoleg\/"},"modified":"2019-01-07T11:11:13","modified_gmt":"2019-01-07T11:11:13","slug":"lespai-del-museoleg","status":"publish","type":"page","link":"https:\/\/icom-andorra.mini.icom.museum\/fr\/espai-de-debat-i-reflexio\/lespai-del-museoleg\/","title":{"rendered":"L&#8217;espai del muse\u00f2leg"},"content":{"rendered":"<div id=\"RTE_CONTENT\"> <!--TYPO3SEARCH_begin--> \t<!--  CONTENT ELEMENT, uid:19100\/textpic [begin] --> \t\t<\/p>\n<div id=\"c19100\"> \t\t<!--  Image block: [begin] --> \t\t\t<\/p>\n<div> \t\t<!--  Text: [begin] --> \t\t\t<\/p>\n<p><b>Museums and Sustainable Communities<\/b><\/p>\n<p><b>Canadian Perspectives<\/b><\/p>\n<p>\u00a0<\/p>\n<p><b>&#8220;WHEN THE SPIRIT OF THE SITE BREATHES LIFE&#8221;<\/b><\/p>\n<p><b>Nature and culture in tune with perpetuity<\/b><\/p>\n<p>\u00a0<\/p>\n<p>Annette Viel\u00a0<i>Museologist, Parks Canada Qu\u00e9bec<\/i><\/p>\n<p>\u00a0<\/p>\n<p>\u00a0<\/p>\n<p><b>Resum<\/b><\/p>\n<p>\u00a0<\/p>\n<p>La mem\u00f2ria supera objectes i territoris. Es torna polimorfa i polis\u00e8mica. Aix\u00ed, el museu contemporani ha de saber adaptar-se a les realitats postmodernistes i estendre les seves funcions tradicionals al cor de la ciutat i la vida. El prop\u00f2sit d\u2019Annette Viel \u00e9s veure per qu\u00e8 la museologia del segle XXI ha de basar les seves intervencions en un apropament global que estableixi el vincle entre els par\u00e0metres natura\/cultura, els que condicionen el conjunt d\u2019intervencions presents. En efecte, com que el museu contemporani tamb\u00e9 \u00e9s un indret, un parc, un jard\u00ed&#8230;, resulta superat el temps en qu\u00e8 els museus no eren m\u00e9s que grans temples amb atris imponents.<\/p>\n<p>\u00a0<\/p>\n<p>El respecte a\u00a0<i>l\u2019esperit dels llocs<\/i>\u00a0exigeix un apropament integrador que, per a Parcs Canad\u00e0, es materialitza a trav\u00e9s d\u2019una revaloritzaci\u00f3 acurada de mantenir el paisatge amb la significaci\u00f3 que li \u00e9s pr\u00f2pia al lloc, oferint, a una clientela diversa, una experi\u00e8ncia de visita adaptada a les seves necessitats. Aquest apropament t\u00e9 present els principis del desenvolupament sostingut, en qu\u00e8 el patrimoni no constitueix un objecte fix inscrit dins d\u2019una mem\u00f2ria aturada en el temps, sin\u00f3 que s\u2019arrela en un territori que canvia amb el disc\u00f3rrer del temps.<\/p>\n<p>\u00a0<\/p>\n<p>La integraci\u00f3 dels llocs dedicats a la natura, en el context d\u2019una museologia tradicionalment reservada a la cultura, afavoreix una sinergia portadora de coneixements nous i museografies innovadores. L\u2019art no escapa al moviment perqu\u00e8 els artistes han apr\u00e8s a intervenir en el si la natura. Aquesta nova alian\u00e7a amb la natura condueix l\u2019\u00e9sser hum\u00e0 cap a una comprensi\u00f3 m\u00e9s aprofundida de les seves pertinences planet\u00e0ries i obrir-se horitzons nous. Aix\u00f2 es converteix en una bona ocasi\u00f3 per familiaritzar-se amb les formes in\u00e8dites de descobrir les mem\u00f2ries i els seus significats; les mem\u00f2ries passades per\u00f2 tamb\u00e9 les que es construeixen avui i les de dem\u00e0. L\u2019autora conclou amb una advert\u00e8ncia, no cedir als efectes de moda, i una recomanaci\u00f3, llegar indrets rics amb un esperit de continu\u00eftat i devenir.<\/p>\n<p>\u00a0<\/p>\n<p><a href=\"http:\/\/www.chin.gc.ca\/Resources\/Icom\/English\/Collection\/e_texte_av.html#espagnol\" target=\"_blank\">&#8220;WHEN THE SPIRIT OF THE SITE BREATHES LIFE&#8221;<\/a><\/p>\n<p> \t\t<!--  Text: [end] --> \t\t\t<\/div>\n<p> \t\t<!--  Image block: [end] --> \t\t\t   \t<!--  \t\tBEGIN: Content of extension \"hpo_relatedlink\", plugin \"tx_hporelatedlink_pi1\"  \t--> \t<\/p>\n<div> \t\t \t<\/div>\n<p> \t \t<!-- END: Content of extension \"hpo_relatedlink\", plugin \"tx_hporelatedlink_pi1\" -->  \t<\/div>\n<p> \t<!--  CONTENT ELEMENT, uid:19100\/textpic [end] --> \t\t<!--TYPO3SEARCH_end--> <\/div>\n","protected":false},"excerpt":{"rendered":"<p>Museums and Sustainable Communities Canadian Perspectives \u00a0 &#8220;WHEN THE SPIRIT OF THE SITE BREATHES LIFE&#8221; Nature and culture in tune with perpetuity \u00a0 Annette Viel\u00a0Museologist, Parks Canada Qu\u00e9bec \u00a0 \u00a0 Resum \u00a0 La mem\u00f2ria supera objectes i territoris. Es torna polimorfa i polis\u00e8mica. Aix\u00ed, el museu contemporani ha de saber adaptar-se a les realitats postmodernistes [&hellip;]<\/p>\n","protected":false},"author":1,"featured_media":0,"parent":170,"menu_order":1,"comment_status":"closed","ping_status":"closed","template":"","meta":{"footnotes":""},"yst_prominent_words":[],"acf":[],"_links":{"self":[{"href":"https:\/\/icom-andorra.mini.icom.museum\/fr\/wp-json\/wp\/v2\/pages\/227"}],"collection":[{"href":"https:\/\/icom-andorra.mini.icom.museum\/fr\/wp-json\/wp\/v2\/pages"}],"about":[{"href":"https:\/\/icom-andorra.mini.icom.museum\/fr\/wp-json\/wp\/v2\/types\/page"}],"author":[{"embeddable":true,"href":"https:\/\/icom-andorra.mini.icom.museum\/fr\/wp-json\/wp\/v2\/users\/1"}],"replies":[{"embeddable":true,"href":"https:\/\/icom-andorra.mini.icom.museum\/fr\/wp-json\/wp\/v2\/comments?post=227"}],"version-history":[{"count":1,"href":"https:\/\/icom-andorra.mini.icom.museum\/fr\/wp-json\/wp\/v2\/pages\/227\/revisions"}],"predecessor-version":[{"id":348,"href":"https:\/\/icom-andorra.mini.icom.museum\/fr\/wp-json\/wp\/v2\/pages\/227\/revisions\/348"}],"up":[{"embeddable":true,"href":"https:\/\/icom-andorra.mini.icom.museum\/fr\/wp-json\/wp\/v2\/pages\/170"}],"wp:attachment":[{"href":"https:\/\/icom-andorra.mini.icom.museum\/fr\/wp-json\/wp\/v2\/media?parent=227"}],"wp:term":[{"taxonomy":"yst_prominent_words","embeddable":true,"href":"https:\/\/icom-andorra.mini.icom.museum\/fr\/wp-json\/wp\/v2\/yst_prominent_words?post=227"}],"curies":[{"name":"wp","href":"https:\/\/api.w.org\/{rel}","templated":true}]}}